{"id":1140,"date":"2017-11-17T07:35:43","date_gmt":"2017-11-17T07:35:43","guid":{"rendered":"http:\/\/www.fvtm.org\/es\/?page_id=1140"},"modified":"2017-11-17T07:45:09","modified_gmt":"2017-11-17T07:45:09","slug":"artxandako-2","status":"publish","type":"page","link":"https:\/\/www.fvtm.org\/es\/index.php\/artxandako-2\/","title":{"rendered":"Artxandako"},"content":{"rendered":"<table>\r\n<tr>\r\n<td width=30%>\r\n<center><img decoding=\"async\" src=\"http:\/\/www.fvtm.org\/es\/wp-content\/uploads\/2017\/11\/ARTXANDAKO.jpg\" alt=\"\" width=\"200\" class=\"alignnone size-medium wp-image-144\" \/>\r\n<\/td>\r\n<td width=2%>\r\n&nbsp;&nbsp;&nbsp;&nbsp;\r\n<\/td>\r\n<td width=68%>\r\n<span style=\"font-size: medium;\"><strong><a name=b1>C.T.M. ARTXANDAKO<\/a><\/strong> <\/span>\r\n<ul>\r\n \t<li>Direcci\u00f3n: CP  Gabriel Aresti. Errekalde Plaza 3<\/li>\r\n \t<li>Localidad: 48002 Bilbao (Bizkaia)<\/li>\r\n \t<li>Web: <a href=\"http:\/\/www.artxandako.com\">www.artxandako.com<\/a><\/li>\r\n \t<li>E-mail: <a href=\"mailto:artxandakomt@gmail.com\">artxandakomt@gmail.com <\/a><\/li>\r\n<\/ul>\r\n<\/td>\r\n<\/tr>\r\n<\/table>\r\n\r\n<br>\r\nEscuela tenis de mesa: Martes y viernes de 19:00h a 21:00h.<br>\r\n<br>\r\nEntrenamiento equipo divisi\u00f3n de honor: Mi\u00e9rcoles de 19:00 a 21:00h<br>\r\n<br>\r\nPartidos s\u00e1bados a la tarde de 16:30h a 19:00h<br>\r\n&nbsp;&nbsp;&nbsp;-Divisi\u00f3n de honor.<br>\r\n&nbsp;&nbsp;&nbsp;-Primera auton\u00f3mica.<br>","protected":false},"excerpt":{"rendered":"<p>&nbsp;&nbsp;&nbsp;&nbsp; C.T.M. ARTXANDAKO Direcci\u00f3n: CP Gabriel Aresti. Errekalde Plaza 3 Localidad: 48002 Bilbao (Bizkaia) Web: www.artxandako.com E-mail: artxandakomt@gmail.com Escuela tenis de mesa: Martes y viernes de 19:00h a 21:00h. Entrenamiento equipo divisi\u00f3n de honor: Mi\u00e9rcoles de 19:00 a 21:00h Partidos s\u00e1bados a la tarde de 16:30h a 19:00h &nbsp;&nbsp;&nbsp;-Divisi\u00f3n de honor. &nbsp;&nbsp;&nbsp;-Primera auton\u00f3mica.<\/p>\n","protected":false},"author":1,"featured_media":0,"parent":0,"menu_order":0,"comment_status":"closed","ping_status":"closed","template":"","meta":{"footnotes":""},"class_list":["post-1140","page","type-page","status-publish","hentry"],"_links":{"self":[{"href":"https:\/\/www.fvtm.org\/es\/index.php\/wp-json\/wp\/v2\/pages\/1140","targetHints":{"allow":["GET"]}}],"collection":[{"href":"https:\/\/www.fvtm.org\/es\/index.php\/wp-json\/wp\/v2\/pages"}],"about":[{"href":"https:\/\/www.fvtm.org\/es\/index.php\/wp-json\/wp\/v2\/types\/page"}],"author":[{"embeddable":true,"href":"https:\/\/www.fvtm.org\/es\/index.php\/wp-json\/wp\/v2\/users\/1"}],"replies":[{"embeddable":true,"href":"https:\/\/www.fvtm.org\/es\/index.php\/wp-json\/wp\/v2\/comments?post=1140"}],"version-history":[{"count":7,"href":"https:\/\/www.fvtm.org\/es\/index.php\/wp-json\/wp\/v2\/pages\/1140\/revisions"}],"predecessor-version":[{"id":1163,"href":"https:\/\/www.fvtm.org\/es\/index.php\/wp-json\/wp\/v2\/pages\/1140\/revisions\/1163"}],"wp:attachment":[{"href":"https:\/\/www.fvtm.org\/es\/index.php\/wp-json\/wp\/v2\/media?parent=1140"}],"curies":[{"name":"wp","href":"https:\/\/api.w.org\/{rel}","templated":true}]}}