{"id":1148,"date":"2017-11-17T07:36:22","date_gmt":"2017-11-17T07:36:22","guid":{"rendered":"http:\/\/www.fvtm.org\/es\/?page_id=1148"},"modified":"2025-01-01T18:26:26","modified_gmt":"2025-01-01T18:26:26","slug":"gure-talde","status":"publish","type":"page","link":"https:\/\/www.fvtm.org\/es\/index.php\/gure-talde\/","title":{"rendered":"Gure Talde"},"content":{"rendered":"<table border=0 width=100%>\r\n\r\n\r\n\r\n<tr>\r\n<td>\r\n<center><img decoding=\"async\" src=\"http:\/\/www.fvtm.org\/es\/wp-content\/uploads\/2017\/10\/gure-talde-V5-300x212.jpg\" alt=\"\" width=\"200\" class=\"alignnone size-medium wp-image-144\" srcset=\"https:\/\/www.fvtm.org\/es\/wp-content\/uploads\/2017\/10\/gure-talde-V5-300x212.jpg 300w, https:\/\/www.fvtm.org\/es\/wp-content\/uploads\/2017\/10\/gure-talde-V5-768x544.jpg 768w, https:\/\/www.fvtm.org\/es\/wp-content\/uploads\/2017\/10\/gure-talde-V5.jpg 877w\" sizes=\"(max-width: 300px) 100vw, 300px\" \/><\/center>\r\n<\/td>\r\n<td>\r\n&nbsp;&nbsp;&nbsp;&nbsp;\r\n<\/td>\r\n<td>\r\n<span style=\"font-size: medium;\"><strong><a name=b4>GURETALDE<\/a><\/strong> <\/span>\r\n<ul>\r\n\t<li>Direcci\u00f3n: Polidep. Zubi Alde. C\\ Mart\u00edn Fern\u00e1ndez Villar\u00e1n, 2<\/li>\r\n \t<li>Localidad: 48920 Portugalete (Bizkaia)<\/li>\r\n \t<li>Delegado: Patricio Jorge Gonzalez 619913174<\/li> \r\n \t<li>Web: <a href=\"http:\/\/www.guretalde.net\">www.guretalde.net<\/a><\/li>\r\n \t<li>E-mail: <a href=\"mailto:info@guretalde.net\">info@guretalde.net<\/a><\/li>\r\n<\/ul>\r\n<\/td>\r\n<\/tr>\r\n\r\n\r\n<\/table>\r\n<br>\r\nEntrenamiento Federados: Martes, Jueves y Viernes de 19:00 h. a 22:00 h.<br>\r\nEscuela: Martes y Jueves de 17:30 h. a 19:00 h.<br>\r\nPartidos S\u00e1bados Tarde 16:30 h. a 20:00 h.<br>\r\n&nbsp;&nbsp;&nbsp;\u2013 SEGUNDA NACIONAL MASCULINA GRUPO 3<br>\r\n&nbsp;&nbsp;&nbsp;\u2013 DIVISION DE HONOR VASCA<br>\r\n&nbsp;&nbsp;&nbsp;\u2013 PRIMERA AUTONOMICA<br>\r\n&nbsp;&nbsp;&nbsp;\u2013 SEGUNDA AUTONOMICA<br>","protected":false},"excerpt":{"rendered":"<p>&nbsp;&nbsp;&nbsp;&nbsp; GURETALDE Direcci\u00f3n: Polidep. Zubi Alde. C\\ Mart\u00edn Fern\u00e1ndez Villar\u00e1n, 2 Localidad: 48920 Portugalete (Bizkaia) Delegado: Patricio Jorge Gonzalez 619913174 Web: www.guretalde.net E-mail: info@guretalde.net Entrenamiento Federados: Martes, Jueves y Viernes de 19:00 h. a 22:00 h. Escuela: Martes y Jueves de 17:30 h. a 19:00 h. Partidos S\u00e1bados Tarde 16:30 h. a 20:00 h. &nbsp;&nbsp;&nbsp;\u2013 [&hellip;]<\/p>\n","protected":false},"author":1,"featured_media":0,"parent":0,"menu_order":0,"comment_status":"closed","ping_status":"closed","template":"","meta":{"footnotes":""},"class_list":["post-1148","page","type-page","status-publish","hentry"],"_links":{"self":[{"href":"https:\/\/www.fvtm.org\/es\/index.php\/wp-json\/wp\/v2\/pages\/1148","targetHints":{"allow":["GET"]}}],"collection":[{"href":"https:\/\/www.fvtm.org\/es\/index.php\/wp-json\/wp\/v2\/pages"}],"about":[{"href":"https:\/\/www.fvtm.org\/es\/index.php\/wp-json\/wp\/v2\/types\/page"}],"author":[{"embeddable":true,"href":"https:\/\/www.fvtm.org\/es\/index.php\/wp-json\/wp\/v2\/users\/1"}],"replies":[{"embeddable":true,"href":"https:\/\/www.fvtm.org\/es\/index.php\/wp-json\/wp\/v2\/comments?post=1148"}],"version-history":[{"count":9,"href":"https:\/\/www.fvtm.org\/es\/index.php\/wp-json\/wp\/v2\/pages\/1148\/revisions"}],"predecessor-version":[{"id":3116,"href":"https:\/\/www.fvtm.org\/es\/index.php\/wp-json\/wp\/v2\/pages\/1148\/revisions\/3116"}],"wp:attachment":[{"href":"https:\/\/www.fvtm.org\/es\/index.php\/wp-json\/wp\/v2\/media?parent=1148"}],"curies":[{"name":"wp","href":"https:\/\/api.w.org\/{rel}","templated":true}]}}