{"id":16,"date":"2017-10-03T12:45:33","date_gmt":"2017-10-03T12:45:33","guid":{"rendered":"http:\/\/www.fvtm.org\/es\/?page_id=16"},"modified":"2017-11-18T14:20:39","modified_gmt":"2017-11-18T14:20:39","slug":"federacion","status":"publish","type":"page","link":"https:\/\/www.fvtm.org\/es\/index.php\/federacion\/","title":{"rendered":"Federaci\u00f3n"},"content":{"rendered":"<ul>\r\n<li><a href=\"http:\/\/www.fvtm.org\/es\/index.php\/presentacion\/\">Presentaci\u00f3n<\/a><\/li>\r\n<li><a href=\"http:\/\/www.fvtm.org\/es\/index.php\/junta-directiva\/\">Junta Directiva<\/a><\/li>\r\n<li><a href=\"http:\/\/www.fvtm.org\/es\/index.php\/asamblea\/\">Asamblea<\/a><\/li>\r\n<li><a href=\"http:\/\/www.fvtm.org\/es\/index.php\/tecnicos\/\">T\u00e9cnicos<\/a><\/li>\r\n<li><a href=\"http:\/\/www.fvtm.org\/es\/index.php\/comite-vizcaino-de-arbitros\/\">Comit\u00e9 Vizcaino de \u00c1rbitros<\/a><\/li>\r\n<li><a href=\"http:\/\/www.euskadi.eus\/organismos-deportivos\/web01-a2kirola\/es\/club.html#consti\" target=\"_blank\">Constituci\u00f3n de un club<\/a><\/li>\r\n<li><a href=\"http:\/\/www.fvtm.org\/es\/index.php\/contacto\/\">Contacto<\/a><\/li>\r\n<li><a href=\"http:\/\/www.fvtm.org\/es\/index.php\/proceso-electoral\/\">Proceso Electoral<\/a><\/li>\r\n<\/ul>","protected":false},"excerpt":{"rendered":"<p>Presentaci\u00f3n Junta Directiva Asamblea T\u00e9cnicos Comit\u00e9 Vizcaino de \u00c1rbitros Constituci\u00f3n de un club Contacto Proceso Electoral<\/p>\n","protected":false},"author":1,"featured_media":0,"parent":0,"menu_order":0,"comment_status":"closed","ping_status":"closed","template":"","meta":{"footnotes":""},"class_list":["post-16","page","type-page","status-publish","hentry"],"_links":{"self":[{"href":"https:\/\/www.fvtm.org\/es\/index.php\/wp-json\/wp\/v2\/pages\/16","targetHints":{"allow":["GET"]}}],"collection":[{"href":"https:\/\/www.fvtm.org\/es\/index.php\/wp-json\/wp\/v2\/pages"}],"about":[{"href":"https:\/\/www.fvtm.org\/es\/index.php\/wp-json\/wp\/v2\/types\/page"}],"author":[{"embeddable":true,"href":"https:\/\/www.fvtm.org\/es\/index.php\/wp-json\/wp\/v2\/users\/1"}],"replies":[{"embeddable":true,"href":"https:\/\/www.fvtm.org\/es\/index.php\/wp-json\/wp\/v2\/comments?post=16"}],"version-history":[{"count":14,"href":"https:\/\/www.fvtm.org\/es\/index.php\/wp-json\/wp\/v2\/pages\/16\/revisions"}],"predecessor-version":[{"id":1174,"href":"https:\/\/www.fvtm.org\/es\/index.php\/wp-json\/wp\/v2\/pages\/16\/revisions\/1174"}],"wp:attachment":[{"href":"https:\/\/www.fvtm.org\/es\/index.php\/wp-json\/wp\/v2\/media?parent=16"}],"curies":[{"name":"wp","href":"https:\/\/api.w.org\/{rel}","templated":true}]}}