{"id":191,"date":"2017-10-08T17:09:02","date_gmt":"2017-10-08T17:09:02","guid":{"rendered":"http:\/\/www.fvtm.org\/es\/?page_id=191"},"modified":"2024-02-15T21:50:19","modified_gmt":"2024-02-15T21:50:19","slug":"enlaces","status":"publish","type":"page","link":"https:\/\/www.fvtm.org\/es\/index.php\/enlaces\/","title":{"rendered":"Enlaces"},"content":{"rendered":"<center><a href=\"https:\/\/www.tt4all.com\/\" target=\"_blank\" rel=\"noopener\"><img loading=\"lazy\" decoding=\"async\" src=\"http:\/\/www.fvtm.org\/es\/wp-content\/uploads\/2018\/02\/TT4All_ITTF-02-300x140.png\" alt=\"\" width=\"300\" height=\"140\" class=\"alignnone size-medium wp-image-1468\" srcset=\"https:\/\/www.fvtm.org\/es\/wp-content\/uploads\/2018\/02\/TT4All_ITTF-02-300x140.png 300w, https:\/\/www.fvtm.org\/es\/wp-content\/uploads\/2018\/02\/TT4All_ITTF-02-768x358.png 768w, https:\/\/www.fvtm.org\/es\/wp-content\/uploads\/2018\/02\/TT4All_ITTF-02-1024x477.png 1024w\" sizes=\"auto, (max-width: 300px) 100vw, 300px\" \/><\/a><\/center><br><br>\r\n\r\n<p><b>Federaciones:<\/b><\/p>\r\n\r\n<ul>\r\n<li><b><a href=\"http:\/\/www.rfetm.com\/\" target=\"_blank\" rel=\"noopener\">Real Federaci\u00f3n Espa\u00f1ola de Tenis de Mesa.<\/a><\/b><\/li>\r\n<li><a href=\"http:\/\/www.ittf.com\/\" target=\"_blank\" rel=\"noopener\">International Table Tennis Fedederation (I.T.T.F.).<\/a><\/li>\r\n<li><a href=\"http:\/\/www.ettu.org\/\" target=\"_blank\" rel=\"noopener\">European Table Tennis Union (E.T.T.U.).<\/a><\/li>\r\n<li><a href=\"http:\/\/fftt.com\/\" target=\"_blank\" rel=\"noopener\">La F\u00e9d\u00e9ration Fran\u00e7aise de Tennis de Table<\/a><\/li>\r\n<\/ul>\r\n\r\n<p><b>Federaciones Auton\u00f3micas:<\/b><\/p>\r\n<ul>\r\n<li><b><a href=\"http:\/\/mahaitenis.com\/es\/\" target=\"_blank\" rel=\"noopener\">Euskal Mahai Tenis Federazioa.<\/a><\/b><\/li>\r\n<li><a href=\"http:\/\/rfetm.es\/lista-fftt\" target=\"_blank\" rel=\"noopener\">Federaciones Autonomicas (web RFETM)<\/a><\/li>\r\n<\/ul>\r\n\r\n\r\n\r\n\r\n\r\n\r\n","protected":false},"excerpt":{"rendered":"<p>Federaciones: Real Federaci\u00f3n Espa\u00f1ola de Tenis de Mesa. International Table Tennis Fedederation (I.T.T.F.). European Table Tennis Union (E.T.T.U.). La F\u00e9d\u00e9ration Fran\u00e7aise de Tennis de Table Federaciones Auton\u00f3micas: Euskal Mahai Tenis Federazioa. Federaciones Autonomicas (web RFETM)<\/p>\n","protected":false},"author":1,"featured_media":0,"parent":0,"menu_order":0,"comment_status":"closed","ping_status":"closed","template":"","meta":{"footnotes":""},"class_list":["post-191","page","type-page","status-publish","hentry"],"_links":{"self":[{"href":"https:\/\/www.fvtm.org\/es\/index.php\/wp-json\/wp\/v2\/pages\/191","targetHints":{"allow":["GET"]}}],"collection":[{"href":"https:\/\/www.fvtm.org\/es\/index.php\/wp-json\/wp\/v2\/pages"}],"about":[{"href":"https:\/\/www.fvtm.org\/es\/index.php\/wp-json\/wp\/v2\/types\/page"}],"author":[{"embeddable":true,"href":"https:\/\/www.fvtm.org\/es\/index.php\/wp-json\/wp\/v2\/users\/1"}],"replies":[{"embeddable":true,"href":"https:\/\/www.fvtm.org\/es\/index.php\/wp-json\/wp\/v2\/comments?post=191"}],"version-history":[{"count":16,"href":"https:\/\/www.fvtm.org\/es\/index.php\/wp-json\/wp\/v2\/pages\/191\/revisions"}],"predecessor-version":[{"id":2975,"href":"https:\/\/www.fvtm.org\/es\/index.php\/wp-json\/wp\/v2\/pages\/191\/revisions\/2975"}],"wp:attachment":[{"href":"https:\/\/www.fvtm.org\/es\/index.php\/wp-json\/wp\/v2\/media?parent=191"}],"curies":[{"name":"wp","href":"https:\/\/api.w.org\/{rel}","templated":true}]}}