{"id":2232,"date":"2020-03-23T16:34:14","date_gmt":"2020-03-23T16:34:14","guid":{"rendered":"http:\/\/www.fvtm.org\/es\/?page_id=2232"},"modified":"2020-03-23T16:38:41","modified_gmt":"2020-03-23T16:38:41","slug":"proceso-electoral-2012","status":"publish","type":"page","link":"https:\/\/www.fvtm.org\/es\/index.php\/proceso-electoral-2012\/","title":{"rendered":"Proceso Electoral 2012"},"content":{"rendered":"<strong>BOLETIN OFICIAL DEL PAIS VASCO &#8211; Lunes, 20 de Febrero de 2012<\/strong><br>\r\nORDEN de 19 de febrero de 2012, de la Consejera de Cultura, por la que se establecen los criterios para la elaboraci\u00f3n de reglamentos electorales y para la realizaci\u00f3n de elecciones de las federaciones deportivas vascas y territoriales.\r\n<br>\r\n<center><a title=\"DESCARGAR\" href=\"http:\/\/www.fvtm.org\/elecc2012\/REGLAMENTO_ELECTORAL_BOPV_120220.pdf\" target=\"_blank\" rel=\"noopener noreferrer\">DESCARGAR<\/a><\/center>\r\n<br>\r\n<strong>ASAMBLEA EXTRAORDINARIA DE LA FVTM &#8211; Martes, 27 de Marzo de 2012<\/strong><br>\r\nAsamblea extraordinaria en la que se aprueba la modificaci\u00f3n de los estatutos de la FVTM y el reglamento electoral.\r\n<br>\r\n<center><a title=\"DESCARGAR\" href=\"http:\/\/www.fvtm.org\/elecc2012\/FVTM_ELECC_CON_JUNTA_2012.pdf\" target=\"_blank\" rel=\"noopener noreferrer\">DESCARGAR REGLAMENTO ELECTORAL FVTM<\/a><\/center>\r\n<br>\r\n<strong>BOLETIN OFICIAL DE BIZKAIA &#8211; Martes, 8 de Mayo de 2012<\/strong><br>\r\nDepartamento de Cultura &#8211; Anuncio 4\/2012, de 3 de mayo, por el que se procede a la publicaci\u00f3n de la modificaci\u00f3n de los estatutos de la Federaci\u00f3n Bizkaina de Tenis de Mesa.\r\n<br>\r\n<center><a title=\"DESCARGAR\" href=\"http:\/\/www.fvtm.org\/elecc2012\/ESTATUTOS_FVTM_20120508a087.pdf\" target=\"_blank\" rel=\"noopener noreferrer\">DESCARGAR (Paginas 33 a 47)<\/a><\/center>\r\n<br>\r\n<strong>ASAMBLEA EXTRAORDINARIA DE LA FVTM &#8211; Jueves, 21 de Junio de 2012<\/strong><br>\r\nAsamblea extraordinaria en la que se aprueba el cese del actual presidente, se convocan elecciones a la FVTM y se configura la Junta electoral.<br>\r\n<br>\r\n\r\n\r\n<strong>ASAMBLEA JUNTA ELECTORAL &#8211; Jueves, 28 de Junio de 2012<\/strong><br>\r\nReunion de la Junta Electoral en la que se aprueba la convocatoria de elecciones, el calendario electoral y el censo provisional* <br>\r\n<br>\r\n<center><a title=\"DESCARGAR\" href=\"http:\/\/www.fvtm.org\/elecc2012\/Calendario electoral.pdf\" target=\"_blank\" rel=\"noopener noreferrer\">DESCARGAR CALENDARIO ELECTORAL<\/a><\/center>&nbsp;\r\n<br>\r\n*El censo provisional estara a disposicion de quien lo desee en las instalaciones de ASFEDEBI a partir del lunes 2 de julio.<br>\r\n<br>\r\n\r\n<strong>ASAMBLEA JUNTA ELECTORAL &#8211; Miercoles, 11 de Julio de 2012<\/strong><br>\r\n<br>\r\nReunion de la Junta Electoral en la que se aprueba el censo definitivo y se abre el plazo de presentacion de candidaturas a miembros de la asamblea. <br>\r\n<br>\r\n<center><a title=\"DESCARGAR MODELO PRESENTACION\" href=\"http:\/\/www.fvtm.org\/elecc2012\/MODELO PRESENTACION ASAMBLEA.pdf\" target=\"_blank\" rel=\"noopener noreferrer\">DESCARGAR MODELO PRESENTACION CANDIDATURA<\/a><\/center>&nbsp;\r\n<br>\r\n\r\n\r\n<strong>ASAMBLEA JUNTA ELECTORAL &#8211; Jueves, 26 de Julio de 2012<\/strong><br>\r\nReunion de la Junta Electoral en la que se aprueba las candidaturas provisionales y se abre el plazo de reclamaciones. <br>\r\n<br>\r\n<center><a title=\"CANDIDATURAS PROVISIONALES A LA ASAMBLEA\" href=\"http:\/\/www.fvtm.org\/elecc2012\/CANDIDATURASPROVISIONALES.pdf\" target=\"_blank\" rel=\"noopener noreferrer\">CANDIDATURAS PROVISIONALES A LA ASAMBLEA<\/a><\/center>&nbsp;\r\n<br>\r\n\r\n\r\n<strong>ASAMBLEA JUNTA ELECTORAL &#8211; Martes, 4 de Septiembre de 2012<\/strong><br>\r\nReunion de la Junta Electoral en la que se aprueba las candidaturas definitivas y se convocan las elecciones a la asamblea. <br>\r\n<br>\r\n<center><a title=\"CANDIDATURAS DEFINITIVAS A LA ASAMBLEA\" href=\"http:\/\/www.fvtm.org\/elecc2012\/CANDIDATURASDEFINITIVAS.pdf\" target=\"_blank\" rel=\"noopener noreferrer\">CANDIDATURAS DEFINITIVAS A LA ASAMBLEA<\/a><\/center>&nbsp;\r\n<br>\r\n\r\n<strong>ASAMBLEA JUNTA ELECTORAL &#8211; Jueves, 13 de Septiembre de 2012<\/strong><br>\r\nReunion de la Junta Electoral en la que se aprueba los resultados de las elecciones y se proclaman los miembros provisionales de la asamblea. <br>\r\n<br>\r\n<center><a title=\"MIEMBROS PROVISIONALES DE LA ASAMBLEA\" href=\"http:\/\/www.fvtm.org\/elecc2012\/MIEMBROSPROVISIONALES.pdf\" target=\"_blank\" rel=\"noopener noreferrer\">MIEMBROS PROVISIONALES DE LA ASAMBLEA<\/a><\/center>&nbsp;\r\n<br>\r\n\r\n<strong>ASAMBLEA JUNTA ELECTORAL &#8211; Miercoles, 19 de Septiembre de 2012<\/strong><br>\r\nReunion de la Junta Electoral en la que se dan por definitivos los miembros de la Asamblea General y se abre un plazo de 7 dias para la presentacion de candidaturas a la Junta Directiva.<br>\r\n<br>\r\n<center><a title=\"DESCARGAR MODELO PRESENTACION\" href=\"http:\/\/www.fvtm.org\/elecc2012\/MODELO PRESENTACION JUNTA.pdf\" target=\"_blank\" rel=\"noopener noreferrer\">DESCARGAR MODELO PRESENTACION CANDIDATURA<\/a><\/center>&nbsp;\r\n<br>\r\n\r\n<strong>ASAMBLEA JUNTA ELECTORAL &#8211; Lunes, 1 de Octubre de 2012<\/strong><br>\r\nReunion de la Junta Electoral en la que se dan admite la candidatura provisional de D. Claudio Izquierdo a Presidente de la Junta Directiva de la Federacion Bizkaina de Tenis de Mesa y se abre un plazo de 2 dias para reclamaciones.<br>\r\n<br>\r\n\r\n<strong>ASAMBLEA JUNTA ELECTORAL &#8211; Jueves, 4 de Octubre de 2012<\/strong><br>\r\nReunion de la Junta Electoral en la que se da por definitiva la candidatura de D. Claudio Izquierdo a Presidente de la Junta Directiva de la Federacion Bizkaina de Tenis de Mesa y como es la unica se le proclama Presidente de la Federacion Bizkaina de Tenis de Mesa, ademas se abre un plazo de 2 dias para reclamaciones.<br>\r\n<br>\r\n\r\n<strong>ASAMBLEA JUNTA ELECTORAL &#8211; Martes, 9 de Octubre de 2012<\/strong><br>\r\nReunion de la Junta Electoral en la que se proclama a D. Claudio Izquierdo Presidente de la Federacion Bizkaina de Tenis de Mesa, se informa a Diputacion y a la Federacion Vasca y se da por finalizado el proceso electoral.<br>\r\n<br>\r\nLa composicion de la Junta Directiva se puede encontrar en la seccion CONTACTAR<br>\r\n\r\n\r\n\r\n\r\n\r\n","protected":false},"excerpt":{"rendered":"<p>BOLETIN OFICIAL DEL PAIS VASCO &#8211; Lunes, 20 de Febrero de 2012 ORDEN de 19 de febrero de 2012, de la Consejera de Cultura, por la que se establecen los criterios para la elaboraci\u00f3n de reglamentos electorales y para la realizaci\u00f3n de elecciones de las federaciones deportivas vascas y territoriales. DESCARGAR ASAMBLEA EXTRAORDINARIA DE LA [&hellip;]<\/p>\n","protected":false},"author":1,"featured_media":0,"parent":0,"menu_order":0,"comment_status":"closed","ping_status":"closed","template":"","meta":{"footnotes":""},"class_list":["post-2232","page","type-page","status-publish","hentry"],"_links":{"self":[{"href":"https:\/\/www.fvtm.org\/es\/index.php\/wp-json\/wp\/v2\/pages\/2232","targetHints":{"allow":["GET"]}}],"collection":[{"href":"https:\/\/www.fvtm.org\/es\/index.php\/wp-json\/wp\/v2\/pages"}],"about":[{"href":"https:\/\/www.fvtm.org\/es\/index.php\/wp-json\/wp\/v2\/types\/page"}],"author":[{"embeddable":true,"href":"https:\/\/www.fvtm.org\/es\/index.php\/wp-json\/wp\/v2\/users\/1"}],"replies":[{"embeddable":true,"href":"https:\/\/www.fvtm.org\/es\/index.php\/wp-json\/wp\/v2\/comments?post=2232"}],"version-history":[{"count":2,"href":"https:\/\/www.fvtm.org\/es\/index.php\/wp-json\/wp\/v2\/pages\/2232\/revisions"}],"predecessor-version":[{"id":2238,"href":"https:\/\/www.fvtm.org\/es\/index.php\/wp-json\/wp\/v2\/pages\/2232\/revisions\/2238"}],"wp:attachment":[{"href":"https:\/\/www.fvtm.org\/es\/index.php\/wp-json\/wp\/v2\/media?parent=2232"}],"curies":[{"name":"wp","href":"https:\/\/api.w.org\/{rel}","templated":true}]}}