{"id":2349,"date":"2021-01-09T17:03:14","date_gmt":"2021-01-09T17:03:14","guid":{"rendered":"http:\/\/www.fvtm.org\/es\/?page_id=2349"},"modified":"2021-01-09T18:31:23","modified_gmt":"2021-01-09T18:31:23","slug":"abadino","status":"publish","type":"page","link":"https:\/\/www.fvtm.org\/es\/index.php\/abadino\/","title":{"rendered":"Abadi\u00f1o"},"content":{"rendered":"<table>\r\n<tr>\r\n<td>\r\n<center><img decoding=\"async\" src=\"http:\/\/www.fvtm.org\/es\/wp-content\/uploads\/2021\/01\/logo_abadino.jpg\" alt=\"\" width=\"200\" class=\"alignnone size-medium wp-image-144\" \/><\/center>\r\n<\/td>\r\n<td>\r\n&nbsp;&nbsp;&nbsp;&nbsp;\r\n<\/td>\r\n<td>\r\n<span style=\"font-size: medium;\"><strong><a name=b2>C.T.M. ABADI\u00d1O<\/a><\/strong> <\/span>\r\n<ul>\r\n \t<li>Direcci\u00f3n: Fronton Municipal Matiena. Plaza Tra\u00f1a s\/n. <\/li>\r\n \t<li>Localidad: 48220 Abadi\u00f1o (Bizkaia)<\/li>\r\n \t<li>Delegado: Primi 620937996<\/li>\r\n \t<li>Web: <a href=\"https:\/\/www.facebook.com\/Ctm-Abadi%C3%B1o-Abadi%C3%B1o-100982698488519\/\">FACEBOOK<\/a><\/li>\r\n \t<li>E-mail: <a href=\"mailto:ctmabadiano@hotmail.com\">ctmabadiano@hotmail.com<\/a><\/li>\r\n<\/ul>\r\n<\/td>\r\n<\/tr>\r\n<\/table>\r\n<br>\r\n\r\nEntrenamiento: Lunes, Mi\u00e9rcoles y Viernes de 17:00 a 19:00<br>\r\n\r\n\r\n","protected":false},"excerpt":{"rendered":"<p>&nbsp;&nbsp;&nbsp;&nbsp; C.T.M. ABADI\u00d1O Direcci\u00f3n: Fronton Municipal Matiena. Plaza Tra\u00f1a s\/n. Localidad: 48220 Abadi\u00f1o (Bizkaia) Delegado: Primi 620937996 Web: FACEBOOK E-mail: ctmabadiano@hotmail.com Entrenamiento: Lunes, Mi\u00e9rcoles y Viernes de 17:00 a 19:00<\/p>\n","protected":false},"author":1,"featured_media":0,"parent":0,"menu_order":0,"comment_status":"closed","ping_status":"closed","template":"","meta":{"footnotes":""},"class_list":["post-2349","page","type-page","status-publish","hentry"],"_links":{"self":[{"href":"https:\/\/www.fvtm.org\/es\/index.php\/wp-json\/wp\/v2\/pages\/2349","targetHints":{"allow":["GET"]}}],"collection":[{"href":"https:\/\/www.fvtm.org\/es\/index.php\/wp-json\/wp\/v2\/pages"}],"about":[{"href":"https:\/\/www.fvtm.org\/es\/index.php\/wp-json\/wp\/v2\/types\/page"}],"author":[{"embeddable":true,"href":"https:\/\/www.fvtm.org\/es\/index.php\/wp-json\/wp\/v2\/users\/1"}],"replies":[{"embeddable":true,"href":"https:\/\/www.fvtm.org\/es\/index.php\/wp-json\/wp\/v2\/comments?post=2349"}],"version-history":[{"count":5,"href":"https:\/\/www.fvtm.org\/es\/index.php\/wp-json\/wp\/v2\/pages\/2349\/revisions"}],"predecessor-version":[{"id":2359,"href":"https:\/\/www.fvtm.org\/es\/index.php\/wp-json\/wp\/v2\/pages\/2349\/revisions\/2359"}],"wp:attachment":[{"href":"https:\/\/www.fvtm.org\/es\/index.php\/wp-json\/wp\/v2\/media?parent=2349"}],"curies":[{"name":"wp","href":"https:\/\/api.w.org\/{rel}","templated":true}]}}