{"id":27,"date":"2017-10-04T06:00:16","date_gmt":"2017-10-04T06:00:16","guid":{"rendered":"http:\/\/www.fvtm.org\/es\/?page_id=27"},"modified":"2017-11-27T10:43:43","modified_gmt":"2017-11-27T10:43:43","slug":"presentacion","status":"publish","type":"page","link":"https:\/\/www.fvtm.org\/es\/index.php\/presentacion\/","title":{"rendered":"Presentaci\u00f3n"},"content":{"rendered":"&nbsp;&nbsp;&nbsp;Bienvenidos\/as a todos\/as a nuestro nuevo formato de p\u00e1gina web.<br>\r\n<br>\r\n&nbsp;&nbsp;&nbsp;El objetivo de este nuevo formato es acercarnos a vosotros\/as para que est\u00e9is informados de todos los temas de inter\u00e9s para el tenis de mesa de Bizkaia y para que sea un punto de encuentro y foro de opini\u00f3nes para todos\/as.<br>\r\n<br>\r\n&nbsp;&nbsp;&nbsp;Queremos proporcionar informaci\u00f3n actualizada de todos los clubs de Bizkaia  y trasmitir sus logros deportivos y sus iniciativas.<br>\r\n<br>\r\n&nbsp;&nbsp;&nbsp;As\u00ed mismo, nuestra web quiere servir para que todos\/as  los\/as ciudadanos\/as que tengan inter\u00e9s por nuestro deporte encuentren la informaci\u00f3n que precisen. Uno de los objetivos m\u00e1s importantes de esta federaci\u00f3n es conseguir que el ping pong vuelva a ser una actividad de ocio deportivo en todo el territorio de Bizkaia; para ello trabajaremos. Queremos conseguir que en los polideportivos municipales, en los centros de d\u00eda, en las asociaciones de jubilados, en los centros educativos y en las calles de cualquiera de nuestros municipios haya una mesa para poder desarrollar esta actividad f\u00edsica.<br>\r\n<br>\r\n&nbsp;&nbsp;&nbsp;Creemos que entre todos\/as  podremos hacer que el tenis de mesa\/ ping pong sea una realidad como deporte y como actividad f\u00edsica saludable.<br>\r\n<br>\r\n&nbsp;&nbsp;&nbsp;Podemos conseguirlo.<br>\r\n<br>\r\n&nbsp;&nbsp;&nbsp;Cordiales saludos a todos\/as.<br>\r\n<br>","protected":false},"excerpt":{"rendered":"<p>&nbsp;&nbsp;&nbsp;Bienvenidos\/as a todos\/as a nuestro nuevo formato de p\u00e1gina web. &nbsp;&nbsp;&nbsp;El objetivo de este nuevo formato es acercarnos a vosotros\/as para que est\u00e9is informados de todos los temas de inter\u00e9s para el tenis de mesa de Bizkaia y para que sea un punto de encuentro y foro de opini\u00f3nes para todos\/as. &nbsp;&nbsp;&nbsp;Queremos proporcionar informaci\u00f3n actualizada [&hellip;]<\/p>\n","protected":false},"author":1,"featured_media":0,"parent":0,"menu_order":0,"comment_status":"closed","ping_status":"closed","template":"","meta":{"footnotes":""},"class_list":["post-27","page","type-page","status-publish","hentry"],"_links":{"self":[{"href":"https:\/\/www.fvtm.org\/es\/index.php\/wp-json\/wp\/v2\/pages\/27","targetHints":{"allow":["GET"]}}],"collection":[{"href":"https:\/\/www.fvtm.org\/es\/index.php\/wp-json\/wp\/v2\/pages"}],"about":[{"href":"https:\/\/www.fvtm.org\/es\/index.php\/wp-json\/wp\/v2\/types\/page"}],"author":[{"embeddable":true,"href":"https:\/\/www.fvtm.org\/es\/index.php\/wp-json\/wp\/v2\/users\/1"}],"replies":[{"embeddable":true,"href":"https:\/\/www.fvtm.org\/es\/index.php\/wp-json\/wp\/v2\/comments?post=27"}],"version-history":[{"count":5,"href":"https:\/\/www.fvtm.org\/es\/index.php\/wp-json\/wp\/v2\/pages\/27\/revisions"}],"predecessor-version":[{"id":1381,"href":"https:\/\/www.fvtm.org\/es\/index.php\/wp-json\/wp\/v2\/pages\/27\/revisions\/1381"}],"wp:attachment":[{"href":"https:\/\/www.fvtm.org\/es\/index.php\/wp-json\/wp\/v2\/media?parent=27"}],"curies":[{"name":"wp","href":"https:\/\/api.w.org\/{rel}","templated":true}]}}