{"id":29,"date":"2017-10-04T06:00:27","date_gmt":"2017-10-04T06:00:27","guid":{"rendered":"http:\/\/www.fvtm.org\/es\/?page_id=29"},"modified":"2025-02-28T08:33:03","modified_gmt":"2025-02-28T08:33:03","slug":"junta-directiva","status":"publish","type":"page","link":"https:\/\/www.fvtm.org\/es\/index.php\/junta-directiva\/","title":{"rendered":"Junta Directiva"},"content":{"rendered":"<ul>\r\n \t<li><span style=\"font-size: medium;\"><strong>PRESIDENTE:  Josu Ocariz Minguez<\/strong><\/span><\/li>\r\n \t<li><span style=\"font-size: medium;\">VICEPRESIDENTE: Estibaliz Gonz\u00e1lez de Echavarri \u00c1lvarez (Representante Entrenadores\/as)<\/span><\/li>\r\n \t<li><span style=\"font-size: medium;\">SECRETARIO: Eduardo Arenas P\u00e9rez<\/span><\/li>\r\n \t<li><span style=\"font-size: medium;\">TESORERO: Claudio Izquierdo Gonz\u00e1lez (Representante \u00c1rbitros\/as)<\/span><\/li>\r\n \t<li><span style=\"font-size: medium;\">VOCAL: Tzu Hui Kuo Tsai (Representante jugadores\/as)<\/span><\/li>\r\n \t<li><span style=\"font-size: medium;\">VOCAL: Aitor Angulo Urrutia<\/span><\/li>\r\n \t<li><span style=\"font-size: medium;\">VOCAL: C.T.M. Abadi\u00f1o (Representante Clubs)<\/span><\/li>\r\n\r\n<\/ul>\r\n<br>\r\n<b>OTROS ORGANOS<\/b><br>\r\n<br>\r\n<u>DIRECCI\u00d3N DEPORTIVA <\/u><br>\r\n&nbsp;&nbsp;&nbsp;EDUARDO ARENAS<br>\r\n<br>\r\n<u>COMITE TECNICO ARBITROS <\/u><br>\r\n&nbsp;&nbsp;&nbsp;AITOR INTXAURRAGA<br>\r\n<br>\r\n<u>COMITE DISCIPLINA <\/u><br>\r\n&nbsp;&nbsp;&nbsp;JOSU OCARIZ<br>\r\n&nbsp;&nbsp;&nbsp;VICTOR GONZALEZ DE ECHAVARRI<br>\r\n&nbsp;&nbsp;&nbsp;AITOR INTXAURRAGA<br>\r\n<br>\r\n<u>COMISI\u00d3N IGUALDAD<\/u><br>\r\n&nbsp;&nbsp;&nbsp;PILAR ROUCO<br>\r\n&nbsp;&nbsp;&nbsp;ESTI GONZALEZ DE ECHAVARRI<br>\r\n&nbsp;&nbsp;&nbsp;JOSU OCARIZ<br>\r\n&nbsp;&nbsp;&nbsp;Secretario: EDUARDO ARENAS<br>\r\n<br>\r\n<u>COMISI\u00d3N DEPORTE INCLUSIVO<\/u><br>\r\n&nbsp;&nbsp;&nbsp;CLAUDIO IZQUIERDO<br>\r\n&nbsp;&nbsp;&nbsp;IKER SASTRE<br>\r\n&nbsp;&nbsp;&nbsp;JOSU OCARIZ<br>\r\n&nbsp;&nbsp;&nbsp;Secretario: EDUARDO ARENAS<br>\r\n<br>\r\n\r\n<u>RESPONSABLE BIENESTAR DEL MENOR<\/u><br>\r\n&nbsp;&nbsp;&nbsp;VICTOR GONZALEZ DE ECHAVARRI<br>\r\n<br>\r\n&nbsp;&nbsp;&nbsp;<a href=\"http:\/\/fvtm.org\/es\/documentos\/_Protocolo_de_protecci\u00f3n_infancia_FVTM.pdf\" target=\"_blank\">PROTOCOLO DE PROTECCI\u00d3N DE LA INFANCIA Y LA ADOLESCENCIA<\/a><br>\r\n","protected":false},"excerpt":{"rendered":"<p>PRESIDENTE: Josu Ocariz Minguez VICEPRESIDENTE: Estibaliz Gonz\u00e1lez de Echavarri \u00c1lvarez (Representante Entrenadores\/as) SECRETARIO: Eduardo Arenas P\u00e9rez TESORERO: Claudio Izquierdo Gonz\u00e1lez (Representante \u00c1rbitros\/as) VOCAL: Tzu Hui Kuo Tsai (Representante jugadores\/as) VOCAL: Aitor Angulo Urrutia VOCAL: C.T.M. Abadi\u00f1o (Representante Clubs) OTROS ORGANOS DIRECCI\u00d3N DEPORTIVA &nbsp;&nbsp;&nbsp;EDUARDO ARENAS COMITE TECNICO ARBITROS &nbsp;&nbsp;&nbsp;AITOR INTXAURRAGA COMITE DISCIPLINA &nbsp;&nbsp;&nbsp;JOSU OCARIZ &nbsp;&nbsp;&nbsp;VICTOR GONZALEZ [&hellip;]<\/p>\n","protected":false},"author":1,"featured_media":0,"parent":0,"menu_order":0,"comment_status":"closed","ping_status":"closed","template":"","meta":{"footnotes":""},"class_list":["post-29","page","type-page","status-publish","hentry"],"_links":{"self":[{"href":"https:\/\/www.fvtm.org\/es\/index.php\/wp-json\/wp\/v2\/pages\/29","targetHints":{"allow":["GET"]}}],"collection":[{"href":"https:\/\/www.fvtm.org\/es\/index.php\/wp-json\/wp\/v2\/pages"}],"about":[{"href":"https:\/\/www.fvtm.org\/es\/index.php\/wp-json\/wp\/v2\/types\/page"}],"author":[{"embeddable":true,"href":"https:\/\/www.fvtm.org\/es\/index.php\/wp-json\/wp\/v2\/users\/1"}],"replies":[{"embeddable":true,"href":"https:\/\/www.fvtm.org\/es\/index.php\/wp-json\/wp\/v2\/comments?post=29"}],"version-history":[{"count":24,"href":"https:\/\/www.fvtm.org\/es\/index.php\/wp-json\/wp\/v2\/pages\/29\/revisions"}],"predecessor-version":[{"id":3166,"href":"https:\/\/www.fvtm.org\/es\/index.php\/wp-json\/wp\/v2\/pages\/29\/revisions\/3166"}],"wp:attachment":[{"href":"https:\/\/www.fvtm.org\/es\/index.php\/wp-json\/wp\/v2\/media?parent=29"}],"curies":[{"name":"wp","href":"https:\/\/api.w.org\/{rel}","templated":true}]}}