{"id":31,"date":"2017-10-04T06:00:34","date_gmt":"2017-10-04T06:00:34","guid":{"rendered":"http:\/\/www.fvtm.org\/es\/?page_id=31"},"modified":"2025-02-28T20:01:26","modified_gmt":"2025-02-28T20:01:26","slug":"asamblea","status":"publish","type":"page","link":"https:\/\/www.fvtm.org\/es\/index.php\/asamblea\/","title":{"rendered":"Asamblea"},"content":{"rendered":"<br>\r\n<table border=0  cellspacing=10>\r\n<tr><th>N\u00ba CLUB\t<th>NOMBRE CLUB \t<th>LOCALIDAD\t<th>CIF\t<th>N\u00ba REG.\t<th>N\u00ba VOTOS\r\n<tr><td>100\t<td>ARTXANDAKO \t<td>Bilbao\t<td>G-48292205\t<td>405\t<td align=right><b>2<\/b>\r\n<tr><td>245\t<td>ABADI\u00d1O \t<td>Abadi\u00f1o\t<td>G-48426498\t<td>1651\t<td align=right><b>3<\/b>\r\n<tr><td>274\t<td>GURE TALDE \t<td>Portugalete\t<td>G-48482244\t<td>1992\t<td align=right><b>3<\/b>\r\n<tr><td>375\t<td>BASAURI \t<td>Basauri\t<td>G-48426035\t<td>281\t<td align=right><b>3<\/b>\r\n<tr><td>10004\t<td>PE\u00d1ASKAL \t<td>Bilbao\t<td>G-95385316\t<td>3520\t<td align=right><b>1<\/b>\r\n<tr><td>10085\t<td>FEKOOR \t<td>Bilbao\t<td>G-48134159\t<td>798\t<td align=right><b>2<\/b>\r\n<tr><td>10389\t<td>MUSKIZ \t<td>Muskiz\t<td>G-95900015\t<td>6601<td align=right><b>1<\/b>\r\n<tr><td>10434\t<td>BETI PREST\t<td>Galdakao\t<td>G-95973699\t<td>6869\t<td align=right><b>3<\/b>\r\n<tr><td>10473\t<td>LOS CHOPOS DE GETXO \t<td>Getxo\t<td>G-95983722\t<td>6891\t<td align=right><b>3<\/b>\r\n<\/table>\r\n\r\n\r\n\r\n","protected":false},"excerpt":{"rendered":"<p>N\u00ba CLUB NOMBRE CLUB LOCALIDAD CIF N\u00ba REG. N\u00ba VOTOS 100 ARTXANDAKO Bilbao G-48292205 405 2 245 ABADI\u00d1O Abadi\u00f1o G-48426498 1651 3 274 GURE TALDE Portugalete G-48482244 1992 3 375 BASAURI Basauri G-48426035 281 3 10004 PE\u00d1ASKAL Bilbao G-95385316 3520 1 10085 FEKOOR Bilbao G-48134159 798 2 10389 MUSKIZ Muskiz G-95900015 66011 10434 BETI PREST [&hellip;]<\/p>\n","protected":false},"author":1,"featured_media":0,"parent":0,"menu_order":0,"comment_status":"closed","ping_status":"closed","template":"","meta":{"footnotes":""},"class_list":["post-31","page","type-page","status-publish","hentry"],"_links":{"self":[{"href":"https:\/\/www.fvtm.org\/es\/index.php\/wp-json\/wp\/v2\/pages\/31","targetHints":{"allow":["GET"]}}],"collection":[{"href":"https:\/\/www.fvtm.org\/es\/index.php\/wp-json\/wp\/v2\/pages"}],"about":[{"href":"https:\/\/www.fvtm.org\/es\/index.php\/wp-json\/wp\/v2\/types\/page"}],"author":[{"embeddable":true,"href":"https:\/\/www.fvtm.org\/es\/index.php\/wp-json\/wp\/v2\/users\/1"}],"replies":[{"embeddable":true,"href":"https:\/\/www.fvtm.org\/es\/index.php\/wp-json\/wp\/v2\/comments?post=31"}],"version-history":[{"count":42,"href":"https:\/\/www.fvtm.org\/es\/index.php\/wp-json\/wp\/v2\/pages\/31\/revisions"}],"predecessor-version":[{"id":3172,"href":"https:\/\/www.fvtm.org\/es\/index.php\/wp-json\/wp\/v2\/pages\/31\/revisions\/3172"}],"wp:attachment":[{"href":"https:\/\/www.fvtm.org\/es\/index.php\/wp-json\/wp\/v2\/media?parent=31"}],"curies":[{"name":"wp","href":"https:\/\/api.w.org\/{rel}","templated":true}]}}