{"id":335,"date":"2017-10-11T04:44:40","date_gmt":"2017-10-11T04:44:40","guid":{"rendered":"http:\/\/www.fvtm.org\/es\/?page_id=335"},"modified":"2017-11-16T12:51:19","modified_gmt":"2017-11-16T12:51:19","slug":"tecnicos","status":"publish","type":"page","link":"https:\/\/www.fvtm.org\/es\/index.php\/tecnicos\/","title":{"rendered":"T\u00e9cnicos"},"content":{"rendered":"<h4>DIRECTOR T\u00c9CNICO: David Alonso Lopez.<\/h4>\r\n<strong>T\u00c9CNICOS<\/strong>\r\n<ul>\r\n \t<li style=\"padding-left: 30px;\">Lorenzo Mateos Molinero<\/li>\r\n \t<li style=\"padding-left: 30px;\">Iker Sastre Sanchez-Vallejo<\/li>\r\n \t<li style=\"padding-left: 30px;\">In\u00e9s Arana Basabe<\/li>\r\n \t<li style=\"padding-left: 30px;\">Jos\u00e9 Manuel Minguez Guerra<\/li>\r\n \t<li style=\"padding-left: 30px;\">David Alonso Lopez<\/li>\r\n \t<li style=\"padding-left: 30px;\">Fernando Oteo Fernandez<\/li>\r\n \t<li style=\"padding-left: 30px;\">Eduardo Arenas P\u00e9rez<\/li>\r\n \t<li style=\"padding-left: 30px;\">Pablo P\u00e9rez P\u00e9rez<\/li>\r\n<\/ul>\r\n","protected":false},"excerpt":{"rendered":"<p>DIRECTOR T\u00c9CNICO: David Alonso Lopez. T\u00c9CNICOS Lorenzo Mateos Molinero Iker Sastre Sanchez-Vallejo In\u00e9s Arana Basabe Jos\u00e9 Manuel Minguez Guerra David Alonso Lopez Fernando Oteo Fernandez Eduardo Arenas P\u00e9rez Pablo P\u00e9rez P\u00e9rez<\/p>\n","protected":false},"author":1,"featured_media":0,"parent":0,"menu_order":0,"comment_status":"closed","ping_status":"closed","template":"","meta":{"footnotes":""},"class_list":["post-335","page","type-page","status-publish","hentry"],"_links":{"self":[{"href":"https:\/\/www.fvtm.org\/es\/index.php\/wp-json\/wp\/v2\/pages\/335","targetHints":{"allow":["GET"]}}],"collection":[{"href":"https:\/\/www.fvtm.org\/es\/index.php\/wp-json\/wp\/v2\/pages"}],"about":[{"href":"https:\/\/www.fvtm.org\/es\/index.php\/wp-json\/wp\/v2\/types\/page"}],"author":[{"embeddable":true,"href":"https:\/\/www.fvtm.org\/es\/index.php\/wp-json\/wp\/v2\/users\/1"}],"replies":[{"embeddable":true,"href":"https:\/\/www.fvtm.org\/es\/index.php\/wp-json\/wp\/v2\/comments?post=335"}],"version-history":[{"count":11,"href":"https:\/\/www.fvtm.org\/es\/index.php\/wp-json\/wp\/v2\/pages\/335\/revisions"}],"predecessor-version":[{"id":1128,"href":"https:\/\/www.fvtm.org\/es\/index.php\/wp-json\/wp\/v2\/pages\/335\/revisions\/1128"}],"wp:attachment":[{"href":"https:\/\/www.fvtm.org\/es\/index.php\/wp-json\/wp\/v2\/media?parent=335"}],"curies":[{"name":"wp","href":"https:\/\/api.w.org\/{rel}","templated":true}]}}