{"id":338,"date":"2017-10-11T04:46:18","date_gmt":"2017-10-11T04:46:18","guid":{"rendered":"http:\/\/www.fvtm.org\/es\/?page_id=338"},"modified":"2018-01-21T12:55:55","modified_gmt":"2018-01-21T12:55:55","slug":"comite-vizcaino-de-arbitros","status":"publish","type":"page","link":"https:\/\/www.fvtm.org\/es\/index.php\/comite-vizcaino-de-arbitros\/","title":{"rendered":"Comit\u00e9 Vizcaino de \u00e1rbitros"},"content":{"rendered":"<h4 id=\"yui_3_16_0_ym19_1_1507644466578_10329\"><span id=\"yui_3_16_0_ym19_1_1507644466578_9716\"><strong>PRESIDENTE COMITE VASCO: Claudio Izquierdo Gonzalez.<\/strong>\r\n<\/span><\/h3>\r\n<h4 id=\"yui_3_16_0_ym19_1_1507644466578_12273\" dir=\"ltr\"><span id=\"yui_3_16_0_ym19_1_1507644466578_9716\">DELEGADO BIZKAIA: Aitor Intxaurraga Blesa.\r\n<\/span><\/h4>\r\n<strong>COLEGIADOS<\/strong>\r\n<ul>\r\n \t<li dir=\"ltr\" style=\"padding-left: 30px;\">David Alonso Lopez<\/li>\r\n \t<li dir=\"ltr\" style=\"padding-left: 30px;\">I\u00f1igo Bocanegra Mardones<\/li>\r\n \t<li dir=\"ltr\" style=\"padding-left: 30px;\">Oskar Cabezon Iglesias<\/li>\r\n \t<li dir=\"ltr\" style=\"padding-left: 30px;\">Javi Herrojo Cabezas<\/li>\r\n \t<li dir=\"ltr\" style=\"padding-left: 30px;\">Aitor Intxaurraga Blesa<\/li>\r\n \t<li dir=\"ltr\" style=\"padding-left: 30px;\">Claudio Izquierdo Gonzalez<\/li>\r\n \t<li dir=\"ltr\" style=\"padding-left: 30px;\">Lorenzo Mateos Molinero<\/li>\r\n \t<li dir=\"ltr\" style=\"padding-left: 30px;\">Fernando Oteo Fernandez<\/li>\r\n \t<li dir=\"ltr\" style=\"padding-left: 30px;\">Michael Adodo<\/li>\r\n \t<li dir=\"ltr\" style=\"padding-left: 30px;\">Ander Aurrekoetxea<\/li>\r\n \t<li dir=\"ltr\" style=\"padding-left: 30px;\">Eduardo Arenas<\/li>\r\n<\/ul>\r\nM\u00e1s informaci\u00f3n en la web de la <a href=\"http:\/\/mahaitenis.com\/es\/index.php\/arbitros\/\" target=\"_blank\">Federaci\u00f3n Vasca<\/a> y de la <a href=\"http:\/\/www.rfetm.es\/categoriasub.php?id_subcategoria=40&#038;id_categoria=8\" target=\"_blank\">Federaci\u00f3n Espa\u00f1ola<\/a>\r\n","protected":false},"excerpt":{"rendered":"<p>PRESIDENTE COMITE VASCO: Claudio Izquierdo Gonzalez. DELEGADO BIZKAIA: Aitor Intxaurraga Blesa. COLEGIADOS David Alonso Lopez I\u00f1igo Bocanegra Mardones Oskar Cabezon Iglesias Javi Herrojo Cabezas Aitor Intxaurraga Blesa Claudio Izquierdo Gonzalez Lorenzo Mateos Molinero Fernando Oteo Fernandez Michael Adodo Ander Aurrekoetxea Eduardo Arenas M\u00e1s informaci\u00f3n en la web de la Federaci\u00f3n Vasca y de la Federaci\u00f3n [&hellip;]<\/p>\n","protected":false},"author":1,"featured_media":0,"parent":0,"menu_order":0,"comment_status":"closed","ping_status":"closed","template":"","meta":{"footnotes":""},"class_list":["post-338","page","type-page","status-publish","hentry"],"_links":{"self":[{"href":"https:\/\/www.fvtm.org\/es\/index.php\/wp-json\/wp\/v2\/pages\/338","targetHints":{"allow":["GET"]}}],"collection":[{"href":"https:\/\/www.fvtm.org\/es\/index.php\/wp-json\/wp\/v2\/pages"}],"about":[{"href":"https:\/\/www.fvtm.org\/es\/index.php\/wp-json\/wp\/v2\/types\/page"}],"author":[{"embeddable":true,"href":"https:\/\/www.fvtm.org\/es\/index.php\/wp-json\/wp\/v2\/users\/1"}],"replies":[{"embeddable":true,"href":"https:\/\/www.fvtm.org\/es\/index.php\/wp-json\/wp\/v2\/comments?post=338"}],"version-history":[{"count":35,"href":"https:\/\/www.fvtm.org\/es\/index.php\/wp-json\/wp\/v2\/pages\/338\/revisions"}],"predecessor-version":[{"id":1451,"href":"https:\/\/www.fvtm.org\/es\/index.php\/wp-json\/wp\/v2\/pages\/338\/revisions\/1451"}],"wp:attachment":[{"href":"https:\/\/www.fvtm.org\/es\/index.php\/wp-json\/wp\/v2\/media?parent=338"}],"curies":[{"name":"wp","href":"https:\/\/api.w.org\/{rel}","templated":true}]}}