{"id":37,"date":"2017-10-04T06:01:18","date_gmt":"2017-10-04T06:01:18","guid":{"rendered":"http:\/\/www.fvtm.org\/es\/?page_id=37"},"modified":"2025-07-07T10:01:02","modified_gmt":"2025-07-07T10:01:02","slug":"proceso-electoral","status":"publish","type":"page","link":"https:\/\/www.fvtm.org\/es\/index.php\/proceso-electoral\/","title":{"rendered":"Proceso Electoral"},"content":{"rendered":"<h1 class=\"uk-article-title\"><u>2025<\/u><\/h1>\r\n\r\n<strong>ASAMBLEA EXTRAORDINARIA DE LA FVTM &#8211; Miercoles, 11 de Diciembre de 2024<\/strong><br>\r\nAsamblea extraordinaria en la que se aprueba el nuevo reglamento eletoral.<br>\r\n<br>\r\n\r\n<strong>ASAMBLEA EXTRAORDINARIA DE LA FVTM &#8211; Jueves, 16 de Enero de 2025<\/strong><br>\r\nAsamblea extraordinaria en la que se aprueba el cese del actual presidente, se convocan elecciones a la FVTM y se configura la Junta electoral.<br>\r\n<br>\r\n\r\n<strong>RESOLUCION GOBIERNO VASCO &#8211; Lunes, 27 de Enero de 2025<\/strong><br>\r\nResoluci\u00f3n del Gobierno Vasco por el que se aprueba e inscribe en el Registro de Entidades Deportivas del Pa\u00eds Vasco el Reglamento de Proceso Electoral de la FEDERACION BIZKAINA DE TENIS DE MESA.<br>\r\n<br>\r\n<center><a title=\"DESCARGAR REGLAMENTO ELECTORAL\" href=\"http:\/\/www.fvtm.org\/es\/documentos\/elecc2024\/RESOLUCION_GV_TENIS DE MESA.pdf\" target=\"_blank\" rel=\"noopener noreferrer\">DESCARGAR RESOLUCI\u00d3N GOBIERNO VASCO<\/a><\/center>\r\n<center><a title=\"DESCARGAR\" href=\"http:\/\/www.fvtm.org\/es\/documentos\/elecc2024\/REGLAMENTO_ELECTORAL_TENIS_DE_MESA_2024_APROBADO.pdf\" target=\"_blank\" rel=\"noopener noreferrer\">DESCARGAR REGLAMENTO ELECTORAL FVTM<\/a><\/center>\r\n<br>\r\n\r\n<strong>ASAMBLEA JUNTA ELECTORAL &#8211; Miercoles, 29 de Enero de 2025<\/strong><br>\r\nReuni\u00f3n de la Junta Electoral en la que se acepta el nombramiento, se aprueba la convocatoria de elecciones, el calendario electoral y el censo provisional.<br>\r\n<br>\r\n<center><a title=\"DESCARGAR\" href=\"http:\/\/www.fvtm.org\/es\/documentos\/elecc2024\/CALENDARIO_ELECTORAL_2025.pdf\" target=\"_blank\" rel=\"noopener noreferrer\">DESCARGAR CALENDARIO ELECTORAL<\/a><\/center>\r\n<center><a title=\"DESCARGAR\" href=\"http:\/\/www.fvtm.org\/es\/documentos\/elecc2024\/CENSO_ELECTORAL_2025.pdf\" target=\"_blank\" rel=\"noopener noreferrer\">DESCARGAR CENSO ELECTORAL<\/a><\/center>\r\n<br>\r\n<br>\r\n\r\n<strong>ASAMBLEA JUNTA ELECTORAL &#8211; Viernes, 7 de Febrero de 2025<\/strong><br>\r\nReunion de la Junta Electoral en la que se aprueba el censo definitivo, se proclama la nueva Asamblea de la Federaci\u00f3n y se abre el plazo de presentacion de candidaturas a la Junta Directiva.<br>\r\n<br>\r\n<center><a title=\"COMPOSICI\u00d3N ASAMBLEA\" href=\"http:\/\/www.fvtm.org\/es\/documentos\/elecc2024\/COMPOSICION_ASAMBLEA_2024.pdf\" target=\"_blank\" rel=\"noopener noreferrer\">DESCARGAR COMPOSICI\u00d3N ASAMBLEA<\/a><\/center>\r\n<center><a title=\"DESCARGAR MODELO PRESENTACION\" href=\"http:\/\/www.fvtm.org\/es\/documentos\/elecc2024\/MODELO_PRESENTACION_CANDIDATUTA_JUNTA.pdf\" target=\"_blank\" rel=\"noopener noreferrer\">DESCARGAR MODELO PRESENTACION CANDIDATURA JUNTA DIRECTIVA<\/a><\/center>\r\n<br>\r\n\r\n<strong>ASAMBLEA JUNTA ELECTORAL &#8211; Mi\u00e9rcoles, 19 de Febrero de 2025<\/strong><br>\r\nReuni\u00f3n de la Junta Electoral en la que se aprueba las candidaturas provisionales a la Junta Directiva, siendo la \u00fanica presentada la encabezada por D. Josu Ocariz y se abre el plazo de reclamaciones.<br>\r\n<br>\r\n\r\n<strong>ASAMBLEA JUNTA ELECTORAL &#8211; Martes, 25 de Febrero de 2025<\/strong><br>\r\nReuni\u00f3n de la Junta Electoral en la que se da por definitiva la candidatura de D. Josu Ocariz a Presidente de la Junta Directiva de la Federaci\u00f3n Bizkaina de Tenis de Mesa y como es la unica se le proclama Presidente de la Federaci\u00f3n Bizkaina de Tenis de Mesa, ademas se abre un plazo de 2 d\u00edas para reclamaciones.<br>\r\n<br>\r\n\r\n<strong>ASAMBLEA JUNTA ELECTORAL &#8211; Viernes, 28 de Febrero de 2025<\/strong><br>\r\nReuni\u00f3n de la Junta Electoral en la que se proclama a D. Josu Ocariz Minguez Presidente de la Federaci\u00f3n Bizkaina de Tenis de Mesa, se informa a Diputaci\u00f3n y a la Federaci\u00f3n Vasca y se da por finalizado el proceso electoral.<br>\r\n<br>\r\nLa composicion de la Junta Directiva se puede encontrar en la seccion FEDERACION <br>\r\n<br>\r\n\r\n<strong>RESOLUCI\u00d3N GOBIERNO VASCO &#8211; 27 de Junio de 2025<\/strong><br>\r\nResoluci\u00f3n de 27 de junio de 2025, del director de Actividad F\u00edsica y Deporte del Gobierno Vasco por la que se inscribe la composici\u00f3n del \u00f3rgano de administraci\u00f3n y representaci\u00f3n de la FEDERACION BIZKAINA DE TENIS DE MESA en el Registro de Entidades Deportivas del Pa\u00eds Vasco.<br>\r\n<br>\r\n<center><a title=\"DESCARGAR\" href=\"http:\/\/www.fvtm.org\/es\/documentos\/elecc2024\/Resoluci%C3%B3n_2025-07-04.pdf\" target=\"_blank\" rel=\"noopener noreferrer\">DESCARGAR RESOLUCI\u00d3N GOBIERNO VASCO<\/a><\/center> <br>\r\n<br>\r\n<br>\r\n<hr>\r\n<h1 class=\"uk-article-title\"><u>OTROS PROCESOS ELECTORALES<\/u><\/h1>\r\n<br>\r\n<center><a href=\"http:\/\/www.fvtm.org\/es\/index.php\/proceso-electoral-2020\/\"> PROCESO ELECTORAL 2020 <\/a><\/center><br>\r\n<center><a href=\"http:\/\/www.fvtm.org\/es\/index.php\/proceso-electoral-2016\/\"> PROCESO ELECTORAL 2016 <\/a><\/center><br>\r\n<center><a href=\"http:\/\/www.fvtm.org\/es\/index.php\/proceso-electoral-2012\/\"> PROCESO ELECTORAL 2012 <\/a><\/center><br>\r\n\r\n","protected":false},"excerpt":{"rendered":"<p>2025 ASAMBLEA EXTRAORDINARIA DE LA FVTM &#8211; Miercoles, 11 de Diciembre de 2024 Asamblea extraordinaria en la que se aprueba el nuevo reglamento eletoral. ASAMBLEA EXTRAORDINARIA DE LA FVTM &#8211; Jueves, 16 de Enero de 2025 Asamblea extraordinaria en la que se aprueba el cese del actual presidente, se convocan elecciones a la FVTM y [&hellip;]<\/p>\n","protected":false},"author":1,"featured_media":0,"parent":0,"menu_order":0,"comment_status":"closed","ping_status":"closed","template":"","meta":{"footnotes":""},"class_list":["post-37","page","type-page","status-publish","hentry"],"_links":{"self":[{"href":"https:\/\/www.fvtm.org\/es\/index.php\/wp-json\/wp\/v2\/pages\/37","targetHints":{"allow":["GET"]}}],"collection":[{"href":"https:\/\/www.fvtm.org\/es\/index.php\/wp-json\/wp\/v2\/pages"}],"about":[{"href":"https:\/\/www.fvtm.org\/es\/index.php\/wp-json\/wp\/v2\/types\/page"}],"author":[{"embeddable":true,"href":"https:\/\/www.fvtm.org\/es\/index.php\/wp-json\/wp\/v2\/users\/1"}],"replies":[{"embeddable":true,"href":"https:\/\/www.fvtm.org\/es\/index.php\/wp-json\/wp\/v2\/comments?post=37"}],"version-history":[{"count":60,"href":"https:\/\/www.fvtm.org\/es\/index.php\/wp-json\/wp\/v2\/pages\/37\/revisions"}],"predecessor-version":[{"id":3236,"href":"https:\/\/www.fvtm.org\/es\/index.php\/wp-json\/wp\/v2\/pages\/37\/revisions\/3236"}],"wp:attachment":[{"href":"https:\/\/www.fvtm.org\/es\/index.php\/wp-json\/wp\/v2\/media?parent=37"}],"curies":[{"name":"wp","href":"https:\/\/api.w.org\/{rel}","templated":true}]}}