{"id":191,"date":"2017-10-08T17:09:02","date_gmt":"2017-10-08T17:09:02","guid":{"rendered":"http:\/\/www.fvtm.org\/eu\/?page_id=191"},"modified":"2017-11-25T12:23:03","modified_gmt":"2017-11-25T12:23:03","slug":"enlaces","status":"publish","type":"page","link":"https:\/\/www.fvtm.org\/eu\/index.php\/enlaces\/","title":{"rendered":"Loturak"},"content":{"rendered":"<p><b>Federazioak:<\/b><\/p>\r\n\r\n<ul>\r\n<li><b><a href=\"http:\/\/www.rfetm.com\/\" target=\"_blank\">Real Federaci\u00f3n Espa\u00f1ola de Tenis de Mesa.<\/a><\/b><\/li>\r\n<li><a href=\"http:\/\/www.ittf.com\/\" target=\"_blank\">International Table Tennis Fedederation (I.T.T.F.).<\/a><\/li>\r\n<li><a href=\"http:\/\/www.ettu.org\/\" target=\"_blank\">European Table Tennis Union (E.T.T.U.).<\/a><\/li>\r\n<li><a href=\"http:\/\/fftt.com\/\" target=\"_blank\">La F\u00e9d\u00e9ration Fran\u00e7aise de Tennis de Table<\/a><\/li>\r\n<\/ul>\r\n\r\n<p><b>Federazio Autonomikoak:<\/b><\/p>\r\n<ul>\r\n<li><b><a href=\"http:\/\/mahaitenis.com\/eu\/\" target=\"_blank\">Euskal Mahai Tenis Federazioa.<\/a><\/b><\/li>\r\n<li><a href=\"http:\/\/www.rfetm.es\/enlaces.php?categoria=federacion\" target=\"_blank\">Federazio Autonomikoak (RFETM web orrialdea)<\/a><\/li>\r\n<\/ul>\r\n\r\n\r\n\r\n\r\n\r\n\r\n","protected":false},"excerpt":{"rendered":"<p>Federazioak: Real Federaci\u00f3n Espa\u00f1ola de Tenis de Mesa. International Table Tennis Fedederation (I.T.T.F.). European Table Tennis Union (E.T.T.U.). La F\u00e9d\u00e9ration Fran\u00e7aise de Tennis de Table Federazio Autonomikoak: Euskal Mahai Tenis Federazioa. Federazio Autonomikoak (RFETM web orrialdea)<\/p>\n","protected":false},"author":1,"featured_media":0,"parent":0,"menu_order":0,"comment_status":"closed","ping_status":"closed","template":"","meta":[],"_links":{"self":[{"href":"https:\/\/www.fvtm.org\/eu\/index.php\/wp-json\/wp\/v2\/pages\/191"}],"collection":[{"href":"https:\/\/www.fvtm.org\/eu\/index.php\/wp-json\/wp\/v2\/pages"}],"about":[{"href":"https:\/\/www.fvtm.org\/eu\/index.php\/wp-json\/wp\/v2\/types\/page"}],"author":[{"embeddable":true,"href":"https:\/\/www.fvtm.org\/eu\/index.php\/wp-json\/wp\/v2\/users\/1"}],"replies":[{"embeddable":true,"href":"https:\/\/www.fvtm.org\/eu\/index.php\/wp-json\/wp\/v2\/comments?post=191"}],"version-history":[{"count":14,"href":"https:\/\/www.fvtm.org\/eu\/index.php\/wp-json\/wp\/v2\/pages\/191\/revisions"}],"predecessor-version":[{"id":1370,"href":"https:\/\/www.fvtm.org\/eu\/index.php\/wp-json\/wp\/v2\/pages\/191\/revisions\/1370"}],"wp:attachment":[{"href":"https:\/\/www.fvtm.org\/eu\/index.php\/wp-json\/wp\/v2\/media?parent=191"}],"curies":[{"name":"wp","href":"https:\/\/api.w.org\/{rel}","templated":true}]}}